{"id":316,"date":"2025-04-13T19:13:16","date_gmt":"2025-04-13T19:13:16","guid":{"rendered":"https:\/\/andjela-petrovic.in.rs\/diplomski2\/?post_type=product&#038;p=316"},"modified":"2025-04-13T20:01:12","modified_gmt":"2025-04-13T20:01:12","slug":"aleksic-barbara-rose","status":"publish","type":"product","link":"https:\/\/andjela-petrovic.in.rs\/diplomski2\/product\/aleksic-barbara-rose\/","title":{"rendered":"Aleksi\u0107 Barbara Rose"},"content":{"rendered":"<p>Aleksi\u0107 Barbara Rose 2022 je ru\u017ei\u010dasto vino nastalo kupa\u017eom sorti gro\u017e\u0111a Muscat Hamburg (50%) i Cabernet Sauvignon (50%). Vinarija Aleksi\u0107, osnovana u Vranju 2006. godine, predstavlja ostvarenje tri sestre koje su strast prema vinu nasledile kroz porodi\u010dnu tradiciju.<\/p>\n<p>Vinogradi vinarije prostiru se na povr\u0161ini od 60 hektara, sa zemlji\u0161tem sastavljenim uglavnom od smonice. Fermentacija vina se odvija u tankovima od ner\u0111aju\u0107eg \u010delika, uz primenu najmodernijih tehnologija. Nakon fermentacije, vino odle\u017eava do dve godine u barik buradima. Da bi se osigurao visok kvalitet, proizvodnja je sme\u0161tena u posebnim halama, a sam proces se odvija u podrumu koji se nalazi 8 metara ispod nivoa zemlje, \u0161to omogu\u0107ava prirodno odr\u017eavanje idealne temperature. U specijalno opremljenom barik podrumu, vino odle\u017eava u 107 barik buradi, napravljenih isklju\u010divo od srpskog hrasta razli\u010ditih nivoa tostiranja.<\/p>\n<p>*Kreirano za diplomski<\/p>\n","protected":false},"excerpt":{"rendered":"<p class=\"\" data-start=\"163\" data-end=\"496\"><strong data-start=\"163\" data-end=\"173\">Mesto:<\/strong> Vranje<br data-start=\"180\" data-end=\"183\" \/><strong data-start=\"183\" data-end=\"192\">Boja:<\/strong> Rose vino<br data-start=\"202\" data-end=\"205\" \/><strong data-start=\"205\" data-end=\"215\">Sorta:<\/strong> Muscat Hamburg<br data-start=\"230\" data-end=\"233\" \/><strong data-start=\"233\" data-end=\"243\">Berba:<\/strong> 2023<br data-start=\"248\" data-end=\"251\" data-is-only-node=\"\" \/><strong data-start=\"251\" data-end=\"262\">Regija:<\/strong> Ni\u0161avsko-ju\u017enomoravski region<br data-start=\"292\" data-end=\"295\" \/><strong data-start=\"295\" data-end=\"311\">Odle\u017eavanje:<\/strong> Barik (srpski hrast)<br data-start=\"332\" data-end=\"335\" \/><strong data-start=\"335\" data-end=\"358\">Period odle\u017eavanja:<\/strong> 2 godine<br data-start=\"367\" data-end=\"370\" \/><strong data-start=\"370\" data-end=\"383\">Vinarija:<\/strong> Vinarija Aleksi\u0107<br data-start=\"400\" data-end=\"403\" \/><strong data-start=\"403\" data-end=\"415\">Organic:<\/strong> Ne<br data-start=\"418\" data-end=\"421\" \/><strong data-start=\"421\" data-end=\"433\">Alkohol:<\/strong> 12%<br data-start=\"437\" data-end=\"440\" \/><strong data-start=\"440\" data-end=\"465\">Temperatura slu\u017eenja:<\/strong> 10\u201312\u00b0C<br data-start=\"473\" data-end=\"476\" \/><strong data-start=\"476\" data-end=\"489\">Tip vina:<\/strong> Suvo<\/p>\n","protected":false},"featured_media":119,"comment_status":"open","ping_status":"closed","template":"","meta":{"site-sidebar-layout":"default","site-content-layout":"","ast-site-content-layout":"default","site-content-style":"default","site-sidebar-style":"default","ast-global-header-display":"","ast-banner-title-visibility":"","ast-main-header-display":"","ast-hfb-above-header-display":"","ast-hfb-below-header-display":"","ast-hfb-mobile-header-display":"","site-post-title":"","ast-breadcrumbs-content":"","ast-featured-img":"","footer-sml-layout":"","theme-transparent-header-meta":"default","adv-header-id-meta":"","stick-header-meta":"","header-above-stick-meta":"","header-main-stick-meta":"","header-below-stick-meta":"","astra-migrate-meta-layouts":"set","ast-page-background-enabled":"default","ast-page-background-meta":{"desktop":{"background-color":"var(--ast-global-color-5)","background-image":"","background-repeat":"repeat","background-position":"center center","background-size":"auto","background-attachment":"scroll","background-type":"","background-media":"","overlay-type":"","overlay-color":"","overlay-opacity":"","overlay-gradient":""},"tablet":{"background-color":"","background-image":"","background-repeat":"repeat","background-position":"center center","background-size":"auto","background-attachment":"scroll","background-type":"","background-media":"","overlay-type":"","overlay-color":"","overlay-opacity":"","overlay-gradient":""},"mobile":{"background-color":"","background-image":"","background-repeat":"repeat","background-position":"center center","background-size":"auto","background-attachment":"scroll","background-type":"","background-media":"","overlay-type":"","overlay-color":"","overlay-opacity":"","overlay-gradient":""}},"ast-content-background-meta":{"desktop":{"background-color":"var(--ast-global-color-4)","background-image":"","background-repeat":"repeat","background-position":"center center","background-size":"auto","background-attachment":"scroll","background-type":"","background-media":"","overlay-type":"","overlay-color":"","overlay-opacity":"","overlay-gradient":""},"tablet":{"background-color":"var(--ast-global-color-4)","background-image":"","background-repeat":"repeat","background-position":"center center","background-size":"auto","background-attachment":"scroll","background-type":"","background-media":"","overlay-type":"","overlay-color":"","overlay-opacity":"","overlay-gradient":""},"mobile":{"background-color":"var(--ast-global-color-4)","background-image":"","background-repeat":"repeat","background-position":"center center","background-size":"auto","background-attachment":"scroll","background-type":"","background-media":"","overlay-type":"","overlay-color":"","overlay-opacity":"","overlay-gradient":""}}},"product_brand":[],"product_cat":[21],"product_tag":[],"class_list":{"0":"post-316","1":"product","2":"type-product","3":"status-publish","4":"has-post-thumbnail","6":"product_cat-muscat-hamburg","7":"desktop-align-left","8":"tablet-align-left","9":"mobile-align-left","11":"first","12":"instock","13":"shipping-taxable","14":"purchasable","15":"product-type-simple"},"yoast_head":"<!-- This site is optimized with the Yoast SEO plugin v25.2 - https:\/\/yoast.com\/wordpress\/plugins\/seo\/ -->\n<title>Aleksi\u0107 Barbara Rose - Vinski kutak<\/title>\n<meta name=\"robots\" content=\"index, follow, max-snippet:-1, max-image-preview:large, max-video-preview:-1\" \/>\n<link rel=\"canonical\" href=\"https:\/\/andjela-petrovic.in.rs\/diplomski2\/product\/aleksic-barbara-rose\/\" \/>\n<meta property=\"og:locale\" content=\"bs_BA\" \/>\n<meta property=\"og:type\" content=\"article\" \/>\n<meta property=\"og:title\" content=\"Aleksi\u0107 Barbara Rose - Vinski kutak\" \/>\n<meta property=\"og:description\" content=\"Mesto: VranjeBoja: Rose vinoSorta: Muscat HamburgBerba: 2023Regija: Ni\u0161avsko-ju\u017enomoravski regionOdle\u017eavanje: Barik (srpski hrast)Period odle\u017eavanja: 2 godineVinarija: Vinarija Aleksi\u0107Organic: NeAlkohol: 12%Temperatura slu\u017eenja: 10\u201312\u00b0CTip vina: Suvo\" \/>\n<meta property=\"og:url\" content=\"https:\/\/andjela-petrovic.in.rs\/diplomski2\/product\/aleksic-barbara-rose\/\" \/>\n<meta property=\"og:site_name\" content=\"Vinski kutak\" \/>\n<meta property=\"article:publisher\" content=\"https:\/\/www.instagram.com\/andela.milacic\/\" \/>\n<meta property=\"article:modified_time\" content=\"2025-04-13T20:01:12+00:00\" \/>\n<meta property=\"og:image\" content=\"https:\/\/andjela-petrovic.in.rs\/diplomski2\/wp-content\/uploads\/2025\/04\/46195_600_840px.png\" \/>\n\t<meta property=\"og:image:width\" content=\"748\" \/>\n\t<meta property=\"og:image:height\" content=\"748\" \/>\n\t<meta property=\"og:image:type\" content=\"image\/png\" \/>\n<meta name=\"twitter:card\" content=\"summary_large_image\" \/>\n<meta name=\"twitter:label1\" content=\"Est. reading time\" \/>\n\t<meta name=\"twitter:data1\" content=\"1 minuta\" \/>\n<script type=\"application\/ld+json\" class=\"yoast-schema-graph\">{\"@context\":\"https:\/\/schema.org\",\"@graph\":[{\"@type\":\"WebPage\",\"@id\":\"https:\/\/andjela-petrovic.in.rs\/diplomski2\/product\/aleksic-barbara-rose\/\",\"url\":\"https:\/\/andjela-petrovic.in.rs\/diplomski2\/product\/aleksic-barbara-rose\/\",\"name\":\"Aleksi\u0107 Barbara Rose - Vinski kutak\",\"isPartOf\":{\"@id\":\"https:\/\/andjela-petrovic.in.rs\/diplomski2\/#website\"},\"primaryImageOfPage\":{\"@id\":\"https:\/\/andjela-petrovic.in.rs\/diplomski2\/product\/aleksic-barbara-rose\/#primaryimage\"},\"image\":{\"@id\":\"https:\/\/andjela-petrovic.in.rs\/diplomski2\/product\/aleksic-barbara-rose\/#primaryimage\"},\"thumbnailUrl\":\"https:\/\/andjela-petrovic.in.rs\/diplomski2\/wp-content\/uploads\/2025\/04\/46195_600_840px.png\",\"datePublished\":\"2025-04-13T19:13:16+00:00\",\"dateModified\":\"2025-04-13T20:01:12+00:00\",\"breadcrumb\":{\"@id\":\"https:\/\/andjela-petrovic.in.rs\/diplomski2\/product\/aleksic-barbara-rose\/#breadcrumb\"},\"inLanguage\":\"bs-BA\",\"potentialAction\":[{\"@type\":\"ReadAction\",\"target\":[\"https:\/\/andjela-petrovic.in.rs\/diplomski2\/product\/aleksic-barbara-rose\/\"]}]},{\"@type\":\"ImageObject\",\"inLanguage\":\"bs-BA\",\"@id\":\"https:\/\/andjela-petrovic.in.rs\/diplomski2\/product\/aleksic-barbara-rose\/#primaryimage\",\"url\":\"https:\/\/andjela-petrovic.in.rs\/diplomski2\/wp-content\/uploads\/2025\/04\/46195_600_840px.png\",\"contentUrl\":\"https:\/\/andjela-petrovic.in.rs\/diplomski2\/wp-content\/uploads\/2025\/04\/46195_600_840px.png\",\"width\":748,\"height\":748},{\"@type\":\"BreadcrumbList\",\"@id\":\"https:\/\/andjela-petrovic.in.rs\/diplomski2\/product\/aleksic-barbara-rose\/#breadcrumb\",\"itemListElement\":[{\"@type\":\"ListItem\",\"position\":1,\"name\":\"Home\",\"item\":\"https:\/\/andjela-petrovic.in.rs\/diplomski2\/\"},{\"@type\":\"ListItem\",\"position\":2,\"name\":\"Prodavnica\",\"item\":\"https:\/\/andjela-petrovic.in.rs\/diplomski2\/prodavnica\/\"},{\"@type\":\"ListItem\",\"position\":3,\"name\":\"Aleksi\u0107 Barbara Rose\"}]},{\"@type\":\"WebSite\",\"@id\":\"https:\/\/andjela-petrovic.in.rs\/diplomski2\/#website\",\"url\":\"https:\/\/andjela-petrovic.in.rs\/diplomski2\/\",\"name\":\"Vinski kutak\",\"description\":\"Vrhunski ukus, doma\u0107i pe\u010dat\",\"publisher\":{\"@id\":\"https:\/\/andjela-petrovic.in.rs\/diplomski2\/#organization\"},\"potentialAction\":[{\"@type\":\"SearchAction\",\"target\":{\"@type\":\"EntryPoint\",\"urlTemplate\":\"https:\/\/andjela-petrovic.in.rs\/diplomski2\/?s={search_term_string}\"},\"query-input\":{\"@type\":\"PropertyValueSpecification\",\"valueRequired\":true,\"valueName\":\"search_term_string\"}}],\"inLanguage\":\"bs-BA\"},{\"@type\":\"Organization\",\"@id\":\"https:\/\/andjela-petrovic.in.rs\/diplomski2\/#organization\",\"name\":\"Vinski kutak\",\"url\":\"https:\/\/andjela-petrovic.in.rs\/diplomski2\/\",\"logo\":{\"@type\":\"ImageObject\",\"inLanguage\":\"bs-BA\",\"@id\":\"https:\/\/andjela-petrovic.in.rs\/diplomski2\/#\/schema\/logo\/image\/\",\"url\":\"https:\/\/andjela-petrovic.in.rs\/diplomski2\/wp-content\/uploads\/2025\/04\/vinski-kutak-logo-3-209x64-1.png\",\"contentUrl\":\"https:\/\/andjela-petrovic.in.rs\/diplomski2\/wp-content\/uploads\/2025\/04\/vinski-kutak-logo-3-209x64-1.png\",\"width\":209,\"height\":64,\"caption\":\"Vinski kutak\"},\"image\":{\"@id\":\"https:\/\/andjela-petrovic.in.rs\/diplomski2\/#\/schema\/logo\/image\/\"},\"sameAs\":[\"https:\/\/www.instagram.com\/andela.milacic\/\"]}]}<\/script>\n<!-- \/ Yoast SEO plugin. -->","yoast_head_json":{"title":"Aleksi\u0107 Barbara Rose - Vinski kutak","robots":{"index":"index","follow":"follow","max-snippet":"max-snippet:-1","max-image-preview":"max-image-preview:large","max-video-preview":"max-video-preview:-1"},"canonical":"https:\/\/andjela-petrovic.in.rs\/diplomski2\/product\/aleksic-barbara-rose\/","og_locale":"bs_BA","og_type":"article","og_title":"Aleksi\u0107 Barbara Rose - Vinski kutak","og_description":"Mesto: VranjeBoja: Rose vinoSorta: Muscat HamburgBerba: 2023Regija: Ni\u0161avsko-ju\u017enomoravski regionOdle\u017eavanje: Barik (srpski hrast)Period odle\u017eavanja: 2 godineVinarija: Vinarija Aleksi\u0107Organic: NeAlkohol: 12%Temperatura slu\u017eenja: 10\u201312\u00b0CTip vina: Suvo","og_url":"https:\/\/andjela-petrovic.in.rs\/diplomski2\/product\/aleksic-barbara-rose\/","og_site_name":"Vinski kutak","article_publisher":"https:\/\/www.instagram.com\/andela.milacic\/","article_modified_time":"2025-04-13T20:01:12+00:00","og_image":[{"width":748,"height":748,"url":"https:\/\/andjela-petrovic.in.rs\/diplomski2\/wp-content\/uploads\/2025\/04\/46195_600_840px.png","type":"image\/png"}],"twitter_card":"summary_large_image","twitter_misc":{"Est. reading time":"1 minuta"},"schema":{"@context":"https:\/\/schema.org","@graph":[{"@type":"WebPage","@id":"https:\/\/andjela-petrovic.in.rs\/diplomski2\/product\/aleksic-barbara-rose\/","url":"https:\/\/andjela-petrovic.in.rs\/diplomski2\/product\/aleksic-barbara-rose\/","name":"Aleksi\u0107 Barbara Rose - Vinski kutak","isPartOf":{"@id":"https:\/\/andjela-petrovic.in.rs\/diplomski2\/#website"},"primaryImageOfPage":{"@id":"https:\/\/andjela-petrovic.in.rs\/diplomski2\/product\/aleksic-barbara-rose\/#primaryimage"},"image":{"@id":"https:\/\/andjela-petrovic.in.rs\/diplomski2\/product\/aleksic-barbara-rose\/#primaryimage"},"thumbnailUrl":"https:\/\/andjela-petrovic.in.rs\/diplomski2\/wp-content\/uploads\/2025\/04\/46195_600_840px.png","datePublished":"2025-04-13T19:13:16+00:00","dateModified":"2025-04-13T20:01:12+00:00","breadcrumb":{"@id":"https:\/\/andjela-petrovic.in.rs\/diplomski2\/product\/aleksic-barbara-rose\/#breadcrumb"},"inLanguage":"bs-BA","potentialAction":[{"@type":"ReadAction","target":["https:\/\/andjela-petrovic.in.rs\/diplomski2\/product\/aleksic-barbara-rose\/"]}]},{"@type":"ImageObject","inLanguage":"bs-BA","@id":"https:\/\/andjela-petrovic.in.rs\/diplomski2\/product\/aleksic-barbara-rose\/#primaryimage","url":"https:\/\/andjela-petrovic.in.rs\/diplomski2\/wp-content\/uploads\/2025\/04\/46195_600_840px.png","contentUrl":"https:\/\/andjela-petrovic.in.rs\/diplomski2\/wp-content\/uploads\/2025\/04\/46195_600_840px.png","width":748,"height":748},{"@type":"BreadcrumbList","@id":"https:\/\/andjela-petrovic.in.rs\/diplomski2\/product\/aleksic-barbara-rose\/#breadcrumb","itemListElement":[{"@type":"ListItem","position":1,"name":"Home","item":"https:\/\/andjela-petrovic.in.rs\/diplomski2\/"},{"@type":"ListItem","position":2,"name":"Prodavnica","item":"https:\/\/andjela-petrovic.in.rs\/diplomski2\/prodavnica\/"},{"@type":"ListItem","position":3,"name":"Aleksi\u0107 Barbara Rose"}]},{"@type":"WebSite","@id":"https:\/\/andjela-petrovic.in.rs\/diplomski2\/#website","url":"https:\/\/andjela-petrovic.in.rs\/diplomski2\/","name":"Vinski kutak","description":"Vrhunski ukus, doma\u0107i pe\u010dat","publisher":{"@id":"https:\/\/andjela-petrovic.in.rs\/diplomski2\/#organization"},"potentialAction":[{"@type":"SearchAction","target":{"@type":"EntryPoint","urlTemplate":"https:\/\/andjela-petrovic.in.rs\/diplomski2\/?s={search_term_string}"},"query-input":{"@type":"PropertyValueSpecification","valueRequired":true,"valueName":"search_term_string"}}],"inLanguage":"bs-BA"},{"@type":"Organization","@id":"https:\/\/andjela-petrovic.in.rs\/diplomski2\/#organization","name":"Vinski kutak","url":"https:\/\/andjela-petrovic.in.rs\/diplomski2\/","logo":{"@type":"ImageObject","inLanguage":"bs-BA","@id":"https:\/\/andjela-petrovic.in.rs\/diplomski2\/#\/schema\/logo\/image\/","url":"https:\/\/andjela-petrovic.in.rs\/diplomski2\/wp-content\/uploads\/2025\/04\/vinski-kutak-logo-3-209x64-1.png","contentUrl":"https:\/\/andjela-petrovic.in.rs\/diplomski2\/wp-content\/uploads\/2025\/04\/vinski-kutak-logo-3-209x64-1.png","width":209,"height":64,"caption":"Vinski kutak"},"image":{"@id":"https:\/\/andjela-petrovic.in.rs\/diplomski2\/#\/schema\/logo\/image\/"},"sameAs":["https:\/\/www.instagram.com\/andela.milacic\/"]}]}},"_links":{"self":[{"href":"https:\/\/andjela-petrovic.in.rs\/diplomski2\/wp-json\/wp\/v2\/product\/316","targetHints":{"allow":["GET"]}}],"collection":[{"href":"https:\/\/andjela-petrovic.in.rs\/diplomski2\/wp-json\/wp\/v2\/product"}],"about":[{"href":"https:\/\/andjela-petrovic.in.rs\/diplomski2\/wp-json\/wp\/v2\/types\/product"}],"replies":[{"embeddable":true,"href":"https:\/\/andjela-petrovic.in.rs\/diplomski2\/wp-json\/wp\/v2\/comments?post=316"}],"wp:featuredmedia":[{"embeddable":true,"href":"https:\/\/andjela-petrovic.in.rs\/diplomski2\/wp-json\/wp\/v2\/media\/119"}],"wp:attachment":[{"href":"https:\/\/andjela-petrovic.in.rs\/diplomski2\/wp-json\/wp\/v2\/media?parent=316"}],"wp:term":[{"taxonomy":"product_brand","embeddable":true,"href":"https:\/\/andjela-petrovic.in.rs\/diplomski2\/wp-json\/wp\/v2\/product_brand?post=316"},{"taxonomy":"product_cat","embeddable":true,"href":"https:\/\/andjela-petrovic.in.rs\/diplomski2\/wp-json\/wp\/v2\/product_cat?post=316"},{"taxonomy":"product_tag","embeddable":true,"href":"https:\/\/andjela-petrovic.in.rs\/diplomski2\/wp-json\/wp\/v2\/product_tag?post=316"}],"curies":[{"name":"wp","href":"https:\/\/api.w.org\/{rel}","templated":true}]}}