{"id":317,"date":"2025-04-13T19:15:25","date_gmt":"2025-04-13T19:15:25","guid":{"rendered":"https:\/\/andjela-petrovic.in.rs\/diplomski2\/?post_type=product&#038;p=317"},"modified":"2025-04-13T19:59:59","modified_gmt":"2025-04-13T19:59:59","slug":"aleksandrovic-varijanta","status":"publish","type":"product","link":"https:\/\/andjela-petrovic.in.rs\/diplomski2\/product\/aleksandrovic-varijanta\/","title":{"rendered":"Aleksandrovi\u0107 Varijanta"},"content":{"rendered":"<p>Aleksandrovi\u0107 Varijanta zvu\u010di kao predivno vino, idealno za letnje u\u017eivanje ili kao dodatak laganijim obrocima. Sa svojom sve\u017einom i vo\u0107nim aromama crvenog vo\u0107a poput jagode i maline, pru\u017ea harmoni\u010dan ukus i osve\u017eavaju\u0107i zavr\u0161etak koji sigurno doprinosi u\u017eitku u toplim danima. Savr\u0161en je izbor uz salate, riblja jela ili jednostavno za opu\u0161tanje uz prijatelje.<\/p>\n<p>*Kreirano za diplomski<\/p>\n","protected":false},"excerpt":{"rendered":"<p class=\"\" data-start=\"169\" data-end=\"490\"><strong data-start=\"169\" data-end=\"179\">Mesto: <\/strong>Vin\u010da<br data-start=\"195\" data-end=\"198\" \/><strong data-start=\"198\" data-end=\"207\">Boja:<\/strong> Rose vino<br data-start=\"217\" data-end=\"220\" \/><strong data-start=\"220\" data-end=\"230\">Sorta:<\/strong> Muscat Hamburg<br data-start=\"245\" data-end=\"248\" \/><strong data-start=\"248\" data-end=\"258\">Berba:<\/strong> 2022<br data-start=\"263\" data-end=\"266\" \/><strong data-start=\"266\" data-end=\"277\">Regija:<\/strong> \u0160umadijski Rejon<br data-start=\"294\" data-end=\"297\" \/><strong data-start=\"297\" data-end=\"313\">Odle\u017eavanje:<\/strong> Inoks<br data-start=\"319\" data-end=\"322\" \/><strong data-start=\"322\" data-end=\"345\">Period odle\u017eavanja:<\/strong> 3 meseca<br data-start=\"354\" data-end=\"357\" \/><strong data-start=\"357\" data-end=\"370\">Vinarija:<\/strong> Vinarija Aleksandrovi\u0107<br data-start=\"393\" data-end=\"396\" \/><strong data-start=\"396\" data-end=\"408\">Organic:<\/strong> Ne<br data-start=\"411\" data-end=\"414\" \/><strong data-start=\"414\" data-end=\"426\">Alkohol:<\/strong> 13,5%<br data-start=\"432\" data-end=\"435\" \/><strong data-start=\"435\" data-end=\"460\">Temperatura slu\u017eenja:<\/strong> 8\u201310\u00b0C<br data-start=\"467\" data-end=\"470\" \/><strong data-start=\"470\" data-end=\"483\">Tip vina:<\/strong> Suvo<\/p>\n","protected":false},"featured_media":166,"comment_status":"open","ping_status":"closed","template":"","meta":{"site-sidebar-layout":"default","site-content-layout":"","ast-site-content-layout":"default","site-content-style":"default","site-sidebar-style":"default","ast-global-header-display":"","ast-banner-title-visibility":"","ast-main-header-display":"","ast-hfb-above-header-display":"","ast-hfb-below-header-display":"","ast-hfb-mobile-header-display":"","site-post-title":"","ast-breadcrumbs-content":"","ast-featured-img":"","footer-sml-layout":"","theme-transparent-header-meta":"default","adv-header-id-meta":"","stick-header-meta":"","header-above-stick-meta":"","header-main-stick-meta":"","header-below-stick-meta":"","astra-migrate-meta-layouts":"set","ast-page-background-enabled":"default","ast-page-background-meta":{"desktop":{"background-color":"var(--ast-global-color-5)","background-image":"","background-repeat":"repeat","background-position":"center center","background-size":"auto","background-attachment":"scroll","background-type":"","background-media":"","overlay-type":"","overlay-color":"","overlay-opacity":"","overlay-gradient":""},"tablet":{"background-color":"","background-image":"","background-repeat":"repeat","background-position":"center center","background-size":"auto","background-attachment":"scroll","background-type":"","background-media":"","overlay-type":"","overlay-color":"","overlay-opacity":"","overlay-gradient":""},"mobile":{"background-color":"","background-image":"","background-repeat":"repeat","background-position":"center center","background-size":"auto","background-attachment":"scroll","background-type":"","background-media":"","overlay-type":"","overlay-color":"","overlay-opacity":"","overlay-gradient":""}},"ast-content-background-meta":{"desktop":{"background-color":"var(--ast-global-color-4)","background-image":"","background-repeat":"repeat","background-position":"center center","background-size":"auto","background-attachment":"scroll","background-type":"","background-media":"","overlay-type":"","overlay-color":"","overlay-opacity":"","overlay-gradient":""},"tablet":{"background-color":"var(--ast-global-color-4)","background-image":"","background-repeat":"repeat","background-position":"center center","background-size":"auto","background-attachment":"scroll","background-type":"","background-media":"","overlay-type":"","overlay-color":"","overlay-opacity":"","overlay-gradient":""},"mobile":{"background-color":"var(--ast-global-color-4)","background-image":"","background-repeat":"repeat","background-position":"center center","background-size":"auto","background-attachment":"scroll","background-type":"","background-media":"","overlay-type":"","overlay-color":"","overlay-opacity":"","overlay-gradient":""}}},"product_brand":[],"product_cat":[21],"product_tag":[],"class_list":{"0":"post-317","1":"product","2":"type-product","3":"status-publish","4":"has-post-thumbnail","6":"product_cat-muscat-hamburg","7":"desktop-align-left","8":"tablet-align-left","9":"mobile-align-left","11":"first","12":"instock","13":"shipping-taxable","14":"purchasable","15":"product-type-simple"},"yoast_head":"<!-- This site is optimized with the Yoast SEO plugin v25.2 - https:\/\/yoast.com\/wordpress\/plugins\/seo\/ -->\n<title>Aleksandrovi\u0107 Varijanta - Vinski kutak<\/title>\n<meta name=\"robots\" content=\"index, follow, max-snippet:-1, max-image-preview:large, max-video-preview:-1\" \/>\n<link rel=\"canonical\" href=\"https:\/\/andjela-petrovic.in.rs\/diplomski2\/product\/aleksandrovic-varijanta\/\" \/>\n<meta property=\"og:locale\" content=\"bs_BA\" \/>\n<meta property=\"og:type\" content=\"article\" \/>\n<meta property=\"og:title\" content=\"Aleksandrovi\u0107 Varijanta - Vinski kutak\" \/>\n<meta property=\"og:description\" content=\"Mesto: Vin\u010daBoja: Rose vinoSorta: Muscat HamburgBerba: 2022Regija: \u0160umadijski RejonOdle\u017eavanje: InoksPeriod odle\u017eavanja: 3 mesecaVinarija: Vinarija Aleksandrovi\u0107Organic: NeAlkohol: 13,5%Temperatura slu\u017eenja: 8\u201310\u00b0CTip vina: Suvo\" \/>\n<meta property=\"og:url\" content=\"https:\/\/andjela-petrovic.in.rs\/diplomski2\/product\/aleksandrovic-varijanta\/\" \/>\n<meta property=\"og:site_name\" content=\"Vinski kutak\" \/>\n<meta property=\"article:publisher\" content=\"https:\/\/www.instagram.com\/andela.milacic\/\" \/>\n<meta property=\"article:modified_time\" content=\"2025-04-13T19:59:59+00:00\" \/>\n<meta property=\"og:image\" content=\"https:\/\/andjela-petrovic.in.rs\/diplomski2\/wp-content\/uploads\/2025\/04\/varijanta.png\" \/>\n\t<meta property=\"og:image:width\" content=\"748\" \/>\n\t<meta property=\"og:image:height\" content=\"748\" \/>\n\t<meta property=\"og:image:type\" content=\"image\/png\" \/>\n<meta name=\"twitter:card\" content=\"summary_large_image\" \/>\n<script type=\"application\/ld+json\" class=\"yoast-schema-graph\">{\"@context\":\"https:\/\/schema.org\",\"@graph\":[{\"@type\":\"WebPage\",\"@id\":\"https:\/\/andjela-petrovic.in.rs\/diplomski2\/product\/aleksandrovic-varijanta\/\",\"url\":\"https:\/\/andjela-petrovic.in.rs\/diplomski2\/product\/aleksandrovic-varijanta\/\",\"name\":\"Aleksandrovi\u0107 Varijanta - Vinski kutak\",\"isPartOf\":{\"@id\":\"https:\/\/andjela-petrovic.in.rs\/diplomski2\/#website\"},\"primaryImageOfPage\":{\"@id\":\"https:\/\/andjela-petrovic.in.rs\/diplomski2\/product\/aleksandrovic-varijanta\/#primaryimage\"},\"image\":{\"@id\":\"https:\/\/andjela-petrovic.in.rs\/diplomski2\/product\/aleksandrovic-varijanta\/#primaryimage\"},\"thumbnailUrl\":\"https:\/\/andjela-petrovic.in.rs\/diplomski2\/wp-content\/uploads\/2025\/04\/varijanta.png\",\"datePublished\":\"2025-04-13T19:15:25+00:00\",\"dateModified\":\"2025-04-13T19:59:59+00:00\",\"breadcrumb\":{\"@id\":\"https:\/\/andjela-petrovic.in.rs\/diplomski2\/product\/aleksandrovic-varijanta\/#breadcrumb\"},\"inLanguage\":\"bs-BA\",\"potentialAction\":[{\"@type\":\"ReadAction\",\"target\":[\"https:\/\/andjela-petrovic.in.rs\/diplomski2\/product\/aleksandrovic-varijanta\/\"]}]},{\"@type\":\"ImageObject\",\"inLanguage\":\"bs-BA\",\"@id\":\"https:\/\/andjela-petrovic.in.rs\/diplomski2\/product\/aleksandrovic-varijanta\/#primaryimage\",\"url\":\"https:\/\/andjela-petrovic.in.rs\/diplomski2\/wp-content\/uploads\/2025\/04\/varijanta.png\",\"contentUrl\":\"https:\/\/andjela-petrovic.in.rs\/diplomski2\/wp-content\/uploads\/2025\/04\/varijanta.png\",\"width\":748,\"height\":748},{\"@type\":\"BreadcrumbList\",\"@id\":\"https:\/\/andjela-petrovic.in.rs\/diplomski2\/product\/aleksandrovic-varijanta\/#breadcrumb\",\"itemListElement\":[{\"@type\":\"ListItem\",\"position\":1,\"name\":\"Home\",\"item\":\"https:\/\/andjela-petrovic.in.rs\/diplomski2\/\"},{\"@type\":\"ListItem\",\"position\":2,\"name\":\"Prodavnica\",\"item\":\"https:\/\/andjela-petrovic.in.rs\/diplomski2\/prodavnica\/\"},{\"@type\":\"ListItem\",\"position\":3,\"name\":\"Aleksandrovi\u0107 Varijanta\"}]},{\"@type\":\"WebSite\",\"@id\":\"https:\/\/andjela-petrovic.in.rs\/diplomski2\/#website\",\"url\":\"https:\/\/andjela-petrovic.in.rs\/diplomski2\/\",\"name\":\"Vinski kutak\",\"description\":\"Vrhunski ukus, doma\u0107i pe\u010dat\",\"publisher\":{\"@id\":\"https:\/\/andjela-petrovic.in.rs\/diplomski2\/#organization\"},\"potentialAction\":[{\"@type\":\"SearchAction\",\"target\":{\"@type\":\"EntryPoint\",\"urlTemplate\":\"https:\/\/andjela-petrovic.in.rs\/diplomski2\/?s={search_term_string}\"},\"query-input\":{\"@type\":\"PropertyValueSpecification\",\"valueRequired\":true,\"valueName\":\"search_term_string\"}}],\"inLanguage\":\"bs-BA\"},{\"@type\":\"Organization\",\"@id\":\"https:\/\/andjela-petrovic.in.rs\/diplomski2\/#organization\",\"name\":\"Vinski kutak\",\"url\":\"https:\/\/andjela-petrovic.in.rs\/diplomski2\/\",\"logo\":{\"@type\":\"ImageObject\",\"inLanguage\":\"bs-BA\",\"@id\":\"https:\/\/andjela-petrovic.in.rs\/diplomski2\/#\/schema\/logo\/image\/\",\"url\":\"https:\/\/andjela-petrovic.in.rs\/diplomski2\/wp-content\/uploads\/2025\/04\/vinski-kutak-logo-3-209x64-1.png\",\"contentUrl\":\"https:\/\/andjela-petrovic.in.rs\/diplomski2\/wp-content\/uploads\/2025\/04\/vinski-kutak-logo-3-209x64-1.png\",\"width\":209,\"height\":64,\"caption\":\"Vinski kutak\"},\"image\":{\"@id\":\"https:\/\/andjela-petrovic.in.rs\/diplomski2\/#\/schema\/logo\/image\/\"},\"sameAs\":[\"https:\/\/www.instagram.com\/andela.milacic\/\"]}]}<\/script>\n<!-- \/ Yoast SEO plugin. -->","yoast_head_json":{"title":"Aleksandrovi\u0107 Varijanta - Vinski kutak","robots":{"index":"index","follow":"follow","max-snippet":"max-snippet:-1","max-image-preview":"max-image-preview:large","max-video-preview":"max-video-preview:-1"},"canonical":"https:\/\/andjela-petrovic.in.rs\/diplomski2\/product\/aleksandrovic-varijanta\/","og_locale":"bs_BA","og_type":"article","og_title":"Aleksandrovi\u0107 Varijanta - Vinski kutak","og_description":"Mesto: Vin\u010daBoja: Rose vinoSorta: Muscat HamburgBerba: 2022Regija: \u0160umadijski RejonOdle\u017eavanje: InoksPeriod odle\u017eavanja: 3 mesecaVinarija: Vinarija Aleksandrovi\u0107Organic: NeAlkohol: 13,5%Temperatura slu\u017eenja: 8\u201310\u00b0CTip vina: Suvo","og_url":"https:\/\/andjela-petrovic.in.rs\/diplomski2\/product\/aleksandrovic-varijanta\/","og_site_name":"Vinski kutak","article_publisher":"https:\/\/www.instagram.com\/andela.milacic\/","article_modified_time":"2025-04-13T19:59:59+00:00","og_image":[{"width":748,"height":748,"url":"https:\/\/andjela-petrovic.in.rs\/diplomski2\/wp-content\/uploads\/2025\/04\/varijanta.png","type":"image\/png"}],"twitter_card":"summary_large_image","schema":{"@context":"https:\/\/schema.org","@graph":[{"@type":"WebPage","@id":"https:\/\/andjela-petrovic.in.rs\/diplomski2\/product\/aleksandrovic-varijanta\/","url":"https:\/\/andjela-petrovic.in.rs\/diplomski2\/product\/aleksandrovic-varijanta\/","name":"Aleksandrovi\u0107 Varijanta - Vinski kutak","isPartOf":{"@id":"https:\/\/andjela-petrovic.in.rs\/diplomski2\/#website"},"primaryImageOfPage":{"@id":"https:\/\/andjela-petrovic.in.rs\/diplomski2\/product\/aleksandrovic-varijanta\/#primaryimage"},"image":{"@id":"https:\/\/andjela-petrovic.in.rs\/diplomski2\/product\/aleksandrovic-varijanta\/#primaryimage"},"thumbnailUrl":"https:\/\/andjela-petrovic.in.rs\/diplomski2\/wp-content\/uploads\/2025\/04\/varijanta.png","datePublished":"2025-04-13T19:15:25+00:00","dateModified":"2025-04-13T19:59:59+00:00","breadcrumb":{"@id":"https:\/\/andjela-petrovic.in.rs\/diplomski2\/product\/aleksandrovic-varijanta\/#breadcrumb"},"inLanguage":"bs-BA","potentialAction":[{"@type":"ReadAction","target":["https:\/\/andjela-petrovic.in.rs\/diplomski2\/product\/aleksandrovic-varijanta\/"]}]},{"@type":"ImageObject","inLanguage":"bs-BA","@id":"https:\/\/andjela-petrovic.in.rs\/diplomski2\/product\/aleksandrovic-varijanta\/#primaryimage","url":"https:\/\/andjela-petrovic.in.rs\/diplomski2\/wp-content\/uploads\/2025\/04\/varijanta.png","contentUrl":"https:\/\/andjela-petrovic.in.rs\/diplomski2\/wp-content\/uploads\/2025\/04\/varijanta.png","width":748,"height":748},{"@type":"BreadcrumbList","@id":"https:\/\/andjela-petrovic.in.rs\/diplomski2\/product\/aleksandrovic-varijanta\/#breadcrumb","itemListElement":[{"@type":"ListItem","position":1,"name":"Home","item":"https:\/\/andjela-petrovic.in.rs\/diplomski2\/"},{"@type":"ListItem","position":2,"name":"Prodavnica","item":"https:\/\/andjela-petrovic.in.rs\/diplomski2\/prodavnica\/"},{"@type":"ListItem","position":3,"name":"Aleksandrovi\u0107 Varijanta"}]},{"@type":"WebSite","@id":"https:\/\/andjela-petrovic.in.rs\/diplomski2\/#website","url":"https:\/\/andjela-petrovic.in.rs\/diplomski2\/","name":"Vinski kutak","description":"Vrhunski ukus, doma\u0107i pe\u010dat","publisher":{"@id":"https:\/\/andjela-petrovic.in.rs\/diplomski2\/#organization"},"potentialAction":[{"@type":"SearchAction","target":{"@type":"EntryPoint","urlTemplate":"https:\/\/andjela-petrovic.in.rs\/diplomski2\/?s={search_term_string}"},"query-input":{"@type":"PropertyValueSpecification","valueRequired":true,"valueName":"search_term_string"}}],"inLanguage":"bs-BA"},{"@type":"Organization","@id":"https:\/\/andjela-petrovic.in.rs\/diplomski2\/#organization","name":"Vinski kutak","url":"https:\/\/andjela-petrovic.in.rs\/diplomski2\/","logo":{"@type":"ImageObject","inLanguage":"bs-BA","@id":"https:\/\/andjela-petrovic.in.rs\/diplomski2\/#\/schema\/logo\/image\/","url":"https:\/\/andjela-petrovic.in.rs\/diplomski2\/wp-content\/uploads\/2025\/04\/vinski-kutak-logo-3-209x64-1.png","contentUrl":"https:\/\/andjela-petrovic.in.rs\/diplomski2\/wp-content\/uploads\/2025\/04\/vinski-kutak-logo-3-209x64-1.png","width":209,"height":64,"caption":"Vinski kutak"},"image":{"@id":"https:\/\/andjela-petrovic.in.rs\/diplomski2\/#\/schema\/logo\/image\/"},"sameAs":["https:\/\/www.instagram.com\/andela.milacic\/"]}]}},"_links":{"self":[{"href":"https:\/\/andjela-petrovic.in.rs\/diplomski2\/wp-json\/wp\/v2\/product\/317","targetHints":{"allow":["GET"]}}],"collection":[{"href":"https:\/\/andjela-petrovic.in.rs\/diplomski2\/wp-json\/wp\/v2\/product"}],"about":[{"href":"https:\/\/andjela-petrovic.in.rs\/diplomski2\/wp-json\/wp\/v2\/types\/product"}],"replies":[{"embeddable":true,"href":"https:\/\/andjela-petrovic.in.rs\/diplomski2\/wp-json\/wp\/v2\/comments?post=317"}],"wp:featuredmedia":[{"embeddable":true,"href":"https:\/\/andjela-petrovic.in.rs\/diplomski2\/wp-json\/wp\/v2\/media\/166"}],"wp:attachment":[{"href":"https:\/\/andjela-petrovic.in.rs\/diplomski2\/wp-json\/wp\/v2\/media?parent=317"}],"wp:term":[{"taxonomy":"product_brand","embeddable":true,"href":"https:\/\/andjela-petrovic.in.rs\/diplomski2\/wp-json\/wp\/v2\/product_brand?post=317"},{"taxonomy":"product_cat","embeddable":true,"href":"https:\/\/andjela-petrovic.in.rs\/diplomski2\/wp-json\/wp\/v2\/product_cat?post=317"},{"taxonomy":"product_tag","embeddable":true,"href":"https:\/\/andjela-petrovic.in.rs\/diplomski2\/wp-json\/wp\/v2\/product_tag?post=317"}],"curies":[{"name":"wp","href":"https:\/\/api.w.org\/{rel}","templated":true}]}}